{"id":204,"date":"2021-09-15T23:35:31","date_gmt":"2021-09-15T23:35:31","guid":{"rendered":"http:\/\/localhost\/ecovalor\/?page_id=204"},"modified":"2021-09-15T23:35:31","modified_gmt":"2021-09-15T23:35:31","slug":"regulacion","status":"publish","type":"page","link":"https:\/\/www.snap.cu\/ecovalor\/regulacion\/","title":{"rendered":"Regulaci\u00f3n"},"content":{"rendered":"\n<figure class=\"wp-block-image size-large\"><img loading=\"lazy\" width=\"1024\" height=\"565\" src=\"http:\/\/localhost\/ecovalor\/wp-content\/uploads\/2021\/09\/Servicios-regulacion-1024x565.jpg\" alt=\"\" class=\"wp-image-205\" srcset=\"https:\/\/www.snap.cu\/ecovalor\/wp-content\/uploads\/2021\/09\/Servicios-regulacion-1024x565.jpg 1024w, https:\/\/www.snap.cu\/ecovalor\/wp-content\/uploads\/2021\/09\/Servicios-regulacion-300x166.jpg 300w, https:\/\/www.snap.cu\/ecovalor\/wp-content\/uploads\/2021\/09\/Servicios-regulacion-768x424.jpg 768w, https:\/\/www.snap.cu\/ecovalor\/wp-content\/uploads\/2021\/09\/Servicios-regulacion-1536x848.jpg 1536w, https:\/\/www.snap.cu\/ecovalor\/wp-content\/uploads\/2021\/09\/Servicios-regulacion.jpg 1920w\" sizes=\"(max-width: 1024px) 100vw, 1024px\" \/><\/figure>\n\n\n\n<p class=\"has-text-align-center\">Autodepuraci\u00f3n<br>Dispersi\u00f3n de gametos<br>Control de procesos erosivos<br>Control de la contaminaci\u00f3n<br>Control de la intrusi\u00f3n salina<br>Ciclo de nutrientes<br>Protecci\u00f3n contra eventos extremos<br>Polinizaci\u00f3n<br>Protecci\u00f3n contra eventos extremos<br>Remoci\u00f3n de carbono<br>Remoci\u00f3n de carbono en pastos marinos<br>Remoci\u00f3n de carbono por biomasa forestal<br>Remoci\u00f3n de carbono por el suelo<br>Retenci\u00f3n de sedimentos<br>Regulaci\u00f3n clim\u00e1tica<br>Regulaci\u00f3n h\u00eddrica<\/p>\n","protected":false},"excerpt":{"rendered":"<p>Autodepuraci\u00f3nDispersi\u00f3n de gametosControl de procesos erosivosControl de la contaminaci\u00f3nControl de la intrusi\u00f3n salinaCiclo de nutrientesProtecci\u00f3n contra eventos extremosPolinizaci\u00f3nProtecci\u00f3n contra eventos extremosRemoci\u00f3n de carbonoRemoci\u00f3n de carbono en pastos marinosRemoci\u00f3n de carbono por biomasa forestalRemoci\u00f3n de carbono por el sueloRetenci\u00f3n de sedimentosRegulaci\u00f3n clim\u00e1ticaRegulaci\u00f3n h\u00eddrica<\/p>\n","protected":false},"author":2,"featured_media":0,"parent":0,"menu_order":0,"comment_status":"closed","ping_status":"closed","template":"","meta":[],"yoast_head":"<!-- This site is optimized with the Yoast SEO plugin v16.3 - https:\/\/yoast.com\/wordpress\/plugins\/seo\/ -->\n<title>Regulaci\u00f3n - Ecovalor<\/title>\n<meta name=\"robots\" content=\"index, follow, max-snippet:-1, max-image-preview:large, max-video-preview:-1\" \/>\n<link rel=\"canonical\" href=\"https:\/\/www.snap.cu\/ecovalor\/regulacion\/\" \/>\n<meta property=\"og:locale\" content=\"es_ES\" \/>\n<meta property=\"og:type\" content=\"article\" \/>\n<meta property=\"og:title\" content=\"Regulaci\u00f3n - Ecovalor\" \/>\n<meta property=\"og:description\" content=\"Autodepuraci\u00f3nDispersi\u00f3n de gametosControl de procesos erosivosControl de la contaminaci\u00f3nControl de la intrusi\u00f3n salinaCiclo de nutrientesProtecci\u00f3n contra eventos extremosPolinizaci\u00f3nProtecci\u00f3n contra eventos extremosRemoci\u00f3n de carbonoRemoci\u00f3n de carbono en pastos marinosRemoci\u00f3n de carbono por biomasa forestalRemoci\u00f3n de carbono por el sueloRetenci\u00f3n de sedimentosRegulaci\u00f3n clim\u00e1ticaRegulaci\u00f3n h\u00eddrica\" \/>\n<meta property=\"og:url\" content=\"https:\/\/www.snap.cu\/ecovalor\/regulacion\/\" \/>\n<meta property=\"og:site_name\" content=\"Ecovalor\" \/>\n<meta property=\"article:publisher\" content=\"https:\/\/www.facebook.com\/ecovalor.cuba\/\" \/>\n<meta property=\"og:image\" content=\"http:\/\/localhost\/ecovalor\/wp-content\/uploads\/2021\/09\/Servicios-regulacion-1024x565.jpg\" \/>\n<meta name=\"twitter:card\" content=\"summary_large_image\" \/>\n<script type=\"application\/ld+json\" class=\"yoast-schema-graph\">{\"@context\":\"https:\/\/schema.org\",\"@graph\":[{\"@type\":\"Organization\",\"@id\":\"https:\/\/www.snap.cu\/ecovalor\/#organization\",\"name\":\"CNAP\",\"url\":\"https:\/\/www.snap.cu\/ecovalor\/\",\"sameAs\":[\"https:\/\/www.facebook.com\/ecovalor.cuba\/\"],\"logo\":{\"@type\":\"ImageObject\",\"@id\":\"https:\/\/www.snap.cu\/ecovalor\/#logo\",\"inLanguage\":\"es\",\"url\":\"http:\/\/www.snap.cu\/ecovalor\/wp-content\/uploads\/2022\/03\/Screenshot-2022-03-14-at-08-54-59-Ecovalor.png\",\"contentUrl\":\"http:\/\/www.snap.cu\/ecovalor\/wp-content\/uploads\/2022\/03\/Screenshot-2022-03-14-at-08-54-59-Ecovalor.png\",\"width\":828,\"height\":408,\"caption\":\"CNAP\"},\"image\":{\"@id\":\"https:\/\/www.snap.cu\/ecovalor\/#logo\"}},{\"@type\":\"WebSite\",\"@id\":\"https:\/\/www.snap.cu\/ecovalor\/#website\",\"url\":\"https:\/\/www.snap.cu\/ecovalor\/\",\"name\":\"Ecovalor\",\"description\":\"\",\"publisher\":{\"@id\":\"https:\/\/www.snap.cu\/ecovalor\/#organization\"},\"potentialAction\":[{\"@type\":\"SearchAction\",\"target\":\"https:\/\/www.snap.cu\/ecovalor\/?s={search_term_string}\",\"query-input\":\"required name=search_term_string\"}],\"inLanguage\":\"es\"},{\"@type\":\"ImageObject\",\"@id\":\"https:\/\/www.snap.cu\/ecovalor\/regulacion\/#primaryimage\",\"inLanguage\":\"es\",\"url\":\"http:\/\/localhost\/ecovalor\/wp-content\/uploads\/2021\/09\/Servicios-regulacion-1024x565.jpg\",\"contentUrl\":\"http:\/\/localhost\/ecovalor\/wp-content\/uploads\/2021\/09\/Servicios-regulacion-1024x565.jpg\"},{\"@type\":\"WebPage\",\"@id\":\"https:\/\/www.snap.cu\/ecovalor\/regulacion\/#webpage\",\"url\":\"https:\/\/www.snap.cu\/ecovalor\/regulacion\/\",\"name\":\"Regulaci\\u00f3n - Ecovalor\",\"isPartOf\":{\"@id\":\"https:\/\/www.snap.cu\/ecovalor\/#website\"},\"primaryImageOfPage\":{\"@id\":\"https:\/\/www.snap.cu\/ecovalor\/regulacion\/#primaryimage\"},\"datePublished\":\"2021-09-15T23:35:31+00:00\",\"dateModified\":\"2021-09-15T23:35:31+00:00\",\"breadcrumb\":{\"@id\":\"https:\/\/www.snap.cu\/ecovalor\/regulacion\/#breadcrumb\"},\"inLanguage\":\"es\",\"potentialAction\":[{\"@type\":\"ReadAction\",\"target\":[\"https:\/\/www.snap.cu\/ecovalor\/regulacion\/\"]}]},{\"@type\":\"BreadcrumbList\",\"@id\":\"https:\/\/www.snap.cu\/ecovalor\/regulacion\/#breadcrumb\",\"itemListElement\":[{\"@type\":\"ListItem\",\"position\":1,\"item\":{\"@type\":\"WebPage\",\"@id\":\"https:\/\/www.snap.cu\/ecovalor\/\",\"url\":\"https:\/\/www.snap.cu\/ecovalor\/\",\"name\":\"Portada\"}},{\"@type\":\"ListItem\",\"position\":2,\"item\":{\"@id\":\"https:\/\/www.snap.cu\/ecovalor\/regulacion\/#webpage\"}}]}]}<\/script>\n<!-- \/ Yoast SEO plugin. -->","_links":{"self":[{"href":"https:\/\/www.snap.cu\/ecovalor\/wp-json\/wp\/v2\/pages\/204"}],"collection":[{"href":"https:\/\/www.snap.cu\/ecovalor\/wp-json\/wp\/v2\/pages"}],"about":[{"href":"https:\/\/www.snap.cu\/ecovalor\/wp-json\/wp\/v2\/types\/page"}],"author":[{"embeddable":true,"href":"https:\/\/www.snap.cu\/ecovalor\/wp-json\/wp\/v2\/users\/2"}],"replies":[{"embeddable":true,"href":"https:\/\/www.snap.cu\/ecovalor\/wp-json\/wp\/v2\/comments?post=204"}],"version-history":[{"count":1,"href":"https:\/\/www.snap.cu\/ecovalor\/wp-json\/wp\/v2\/pages\/204\/revisions"}],"predecessor-version":[{"id":206,"href":"https:\/\/www.snap.cu\/ecovalor\/wp-json\/wp\/v2\/pages\/204\/revisions\/206"}],"wp:attachment":[{"href":"https:\/\/www.snap.cu\/ecovalor\/wp-json\/wp\/v2\/media?parent=204"}],"curies":[{"name":"wp","href":"https:\/\/api.w.org\/{rel}","templated":true}]}}